{"id":235,"date":"2022-12-29T08:04:47","date_gmt":"2022-12-29T08:04:47","guid":{"rendered":"https:\/\/38j.d28.myftpupload.com\/?page_id=235"},"modified":"2023-01-24T10:35:32","modified_gmt":"2023-01-24T10:35:32","slug":"imprint","status":"publish","type":"page","link":"https:\/\/www.fanz.io\/de\/imprint\/","title":{"rendered":"Impressum"},"content":{"rendered":"<h1>Willkommen bei fanz, Ihr Partner f\u00fcr Payment und Loyalit\u00e4t.<\/h1>\n<p>In unserem Impressum informieren wir Sie, wer wir sind und an wen Sie sich bei Fragen wenden k\u00f6nnen.<\/p>\n<p>Diese rechtlichen Hinweise gelten f\u00fcr fanz.io:<\/p>\n<p>Fanz GmbH<br \/>\nRathausstrasse 7<br \/>\n20095 Hamburg<br \/>\nDeutschland<\/p>\n<p>E-Mail: info@fanz.io<br \/>\nTelefon: +49-40-82211605<\/p>\n<p>Registriert bei:<br \/>\nAmtsgericht Hamburg, Deutschland<br \/>\nHandelsregisternummer: HRB 165299<br \/>\nUSt-ID: DE336094814<br \/>\nGesch\u00e4ftsf\u00fchrer und verantwortlich f\u00fcr den Inhalt:<br \/>\nMichael Menzel<\/p>\n","protected":false},"excerpt":{"rendered":"<p>Willkommen bei fanz, Ihr Partner f\u00fcr Payment und Loyalit\u00e4t. In unserem Impressum informieren wir Sie, wer wir sind und an wen Sie sich bei Fragen wenden k\u00f6nnen. Diese rechtlichen Hinweise gelten f\u00fcr fanz.io: Fanz GmbH Rathausstrasse 7 20095 Hamburg Deutschland E-Mail: info@fanz.io Telefon: +49-40-82211605 Registriert bei: Amtsgericht Hamburg, Deutschland Handelsregisternummer: HRB 165299 USt-ID: DE336094814 Gesch\u00e4ftsf\u00fchrer [&hellip;]<\/p>\n","protected":false},"author":2,"featured_media":0,"parent":0,"menu_order":0,"comment_status":"closed","ping_status":"closed","template":"","meta":{"content-type":"","footnotes":"","_links_to":"","_links_to_target":""},"class_list":["post-235","page","type-page","status-publish","hentry"],"translation":{"provider":"WPGlobus","version":"3.0.0","language":"de","enabled_languages":["en","de"],"languages":{"en":{"title":true,"content":true,"excerpt":false},"de":{"title":true,"content":true,"excerpt":false}}},"acf":[],"yoast_head":"<!-- This site is optimized with the Yoast SEO plugin v25.5 - https:\/\/yoast.com\/wordpress\/plugins\/seo\/ -->\n<title>Impressum - Fanz<\/title>\n<meta name=\"robots\" content=\"index, follow, max-snippet:-1, max-image-preview:large, max-video-preview:-1\" \/>\n<link rel=\"canonical\" href=\"https:\/\/www.fanz.io\/imprint\/\" \/>\n<meta property=\"og:locale\" content=\"de_DE\" \/>\n<meta property=\"og:type\" content=\"article\" \/>\n<meta property=\"og:title\" content=\"Impressum - Fanz\" \/>\n<meta property=\"og:url\" content=\"https:\/\/www.fanz.io\/imprint\/\" \/>\n<meta property=\"og:site_name\" content=\"Fanz\" \/>\n<meta property=\"article:modified_time\" content=\"2023-01-24T10:35:32+00:00\" \/>\n<meta name=\"twitter:card\" content=\"summary_large_image\" \/>\n<meta name=\"twitter:label1\" content=\"Est. reading time\" \/>\n\t<meta name=\"twitter:data1\" content=\"1 minute\" \/>\n<script type=\"application\/ld+json\" class=\"yoast-schema-graph\">{\"@context\":\"https:\/\/schema.org\",\"@graph\":[{\"@type\":\"WebPage\",\"@id\":\"https:\/\/www.fanz.io\/imprint\/\",\"url\":\"https:\/\/www.fanz.io\/imprint\/\",\"name\":\"Impressum - Fanz\",\"isPartOf\":{\"@id\":\"https:\/\/www.fanz.io\/#website\"},\"datePublished\":\"2022-12-29T08:04:47+00:00\",\"dateModified\":\"2023-01-24T10:35:32+00:00\",\"inLanguage\":\"de-DE\",\"potentialAction\":[{\"@type\":\"ReadAction\",\"target\":[\"https:\/\/www.fanz.io\/imprint\/\"]}]},{\"@type\":\"WebSite\",\"@id\":\"https:\/\/www.fanz.io\/#website\",\"url\":\"https:\/\/www.fanz.io\/\",\"name\":\"Fanz\",\"description\":\"\",\"potentialAction\":[{\"@type\":\"SearchAction\",\"target\":{\"@type\":\"EntryPoint\",\"urlTemplate\":\"https:\/\/www.fanz.io\/?s={search_term_string}\"},\"query-input\":{\"@type\":\"PropertyValueSpecification\",\"valueRequired\":true,\"valueName\":\"search_term_string\"}}],\"inLanguage\":\"de-DE\"}]}<\/script>\n<!-- \/ Yoast SEO plugin. -->","yoast_head_json":{"title":"Impressum - Fanz","robots":{"index":"index","follow":"follow","max-snippet":"max-snippet:-1","max-image-preview":"max-image-preview:large","max-video-preview":"max-video-preview:-1"},"canonical":"https:\/\/www.fanz.io\/imprint\/","og_locale":"de_DE","og_type":"article","og_title":"Impressum - Fanz","og_url":"https:\/\/www.fanz.io\/imprint\/","og_site_name":"Fanz","article_modified_time":"2023-01-24T10:35:32+00:00","twitter_card":"summary_large_image","twitter_misc":{"Est. reading time":"1 minute"},"schema":{"@context":"https:\/\/schema.org","@graph":[{"@type":"WebPage","@id":"https:\/\/www.fanz.io\/imprint\/","url":"https:\/\/www.fanz.io\/imprint\/","name":"Impressum - Fanz","isPartOf":{"@id":"https:\/\/www.fanz.io\/#website"},"datePublished":"2022-12-29T08:04:47+00:00","dateModified":"2023-01-24T10:35:32+00:00","inLanguage":"de-DE","potentialAction":[{"@type":"ReadAction","target":["https:\/\/www.fanz.io\/imprint\/"]}]},{"@type":"WebSite","@id":"https:\/\/www.fanz.io\/#website","url":"https:\/\/www.fanz.io\/","name":"Fanz","description":"","potentialAction":[{"@type":"SearchAction","target":{"@type":"EntryPoint","urlTemplate":"https:\/\/www.fanz.io\/?s={search_term_string}"},"query-input":{"@type":"PropertyValueSpecification","valueRequired":true,"valueName":"search_term_string"}}],"inLanguage":"de-DE"}]}},"_links":{"self":[{"href":"https:\/\/www.fanz.io\/de\/wp-json\/wp\/v2\/pages\/235","targetHints":{"allow":["GET"]}}],"collection":[{"href":"https:\/\/www.fanz.io\/de\/wp-json\/wp\/v2\/pages"}],"about":[{"href":"https:\/\/www.fanz.io\/de\/wp-json\/wp\/v2\/types\/page"}],"author":[{"embeddable":true,"href":"https:\/\/www.fanz.io\/de\/wp-json\/wp\/v2\/users\/2"}],"replies":[{"embeddable":true,"href":"https:\/\/www.fanz.io\/de\/wp-json\/wp\/v2\/comments?post=235"}],"version-history":[{"count":0,"href":"https:\/\/www.fanz.io\/de\/wp-json\/wp\/v2\/pages\/235\/revisions"}],"wp:attachment":[{"href":"https:\/\/www.fanz.io\/de\/wp-json\/wp\/v2\/media?parent=235"}],"curies":[{"name":"wp","href":"https:\/\/api.w.org\/{rel}","templated":true}]}}