{"id":237,"date":"2022-12-29T08:05:51","date_gmt":"2022-12-29T08:05:51","guid":{"rendered":"https:\/\/38j.d28.myftpupload.com\/?page_id=237"},"modified":"2023-01-25T13:28:38","modified_gmt":"2023-01-25T13:28:38","slug":"about-us","status":"publish","type":"page","link":"https:\/\/www.fanz.io\/de\/about-us\/","title":{"rendered":"\u00fcber uns"},"content":{"rendered":"<h1><font size=\"+3\"><b>Mit unserer All-in-One-Commerce-Plattform helfen wir, G\u00e4ste gl\u00fccklich zu machen.<\/b><\/font><\/h1>\n<h2>Kunden zu Fanz machen<\/h2>\n<p>Wir bauen erstaunliche, einfach zu bedienende Mehrwertdienste auf die bestehende digitale Zahlungsinfrastruktur auf, die sowohl Unternehmen als auch Kunden lieben. Sobald Du intelligente M\u00f6glichkeiten zur Annahme digitaler Zahlungen mit Treueregeln, Bewertungsautomatisierung, Direktnachrichten, intelligenten Empfehlungen, Loyalit\u00e4ts-Werbenetzwerken, intelligenten Trinkgeldern, maschinellem Lernen und mehr kombinierst, k\u00f6nnen wir die Art und Weise, wie Unternehmen Transaktionen durchf\u00fchren, interagieren und mit neuen und bestehenden Kunden in Kontakt treten, neu \u00fcberdenken.<\/p>\n<h3>F\u00fchrungsprinzipien<\/h3>\n<p><b>Mache jeden zu Deinem Fan:<\/b> (bestehe auf den h\u00f6chsten Standards f\u00fcr Dich, Deinem Team und das Unternehmen. Lege die Messlatte st\u00e4ndig h\u00f6her, um qualitativ hochwertige Produkte, Dienstleistungen und Prozesse zu liefern. Tue dies, indem Du aufmerksam zuh\u00f6rst, offen sprichst und andere respektvoll behandelst).<\/p>\n<p><b>Teste und lerne immer:<\/b> (verlange Innovation und vereinfache immer. Lasse Dich von Kunden, Partnern und dem \u00d6kosystem um Dich herum inspirieren. H\u00f6re nie auf zu lernen).<\/p>\n<p><b>Strebe nach einer hohen Dichte von Talenten:<\/b> (lege die Messlatte mit jeder Einstellung und Bef\u00f6rderung h\u00f6her. Entwickele, erkenne und coache au\u00dfergew\u00f6hnliche Talente und bef\u00f6rdere sie im gesamten Unternehmen).<\/p>\n<p><b>Weniger Regeln, mehr direkte Verantwortung:<\/b> (denke langfristig und opfere nichts f\u00fcr kurzfristige Ergebnisse. Handele im Namen des Unternehmens, nicht nur f\u00fcr Dein eigenes Team. Sage niemals &#8220;das ist nicht meine Aufgabe&#8221;).<\/p>\n<p><b>Denke in gro\u00dfen Dimensionen:<\/b> (kreiere und kommuniziere eine mutige Richtung, die andere inspiriert. Denke anders und schaue \u00fcber den Tellerrand hinaus).<\/p>\n<p><b>Schnelligkeit ist wichtig:<\/b> (nicht jede Entscheidung braucht umfangreiche Studien, gehe kalkulierbare Risiken ein).<\/p>\n<p><b>Erreiche mehr mit weniger:<\/b> (es gibt keine Extrapunkte f\u00fcr wachsende Mitarbeiterzahl, Budgetgr\u00f6\u00dfe oder Fixkosten. Beschr\u00e4nkungen f\u00f6rdern Einfallsreichtum und Erfindungsreichtum).<\/p>\n<p><b>Handle auf allen Ebenen:<\/b> (bleibe mit den Details verbunden, pr\u00fcfe h\u00e4ufig und sei Metriken orientiert. Keine Aufgabe ist unter Deiner W\u00fcrde).<\/p>\n<p><b>Widerspreche und gehe Verpflichtungen ein:<\/b> (stelle Pl\u00e4ne und Entscheidungen respektvoll in Frage. Mache keine Kompromisse des Zusammenhaltens willen. Aber sobald eine Entscheidung getroffen worden ist, verpflichte Dich dazu voll und ganz).<\/p>\n<p><b>Liefere Ergebnisse:<\/b> (trotz R\u00fcckschl\u00e4gen, stelle Dich der Situation, gebe Dich nie zufrieden und liefere die richtigen Qualit\u00e4t in einem angemessenen Zeitrahmen).<\/p>\n","protected":false},"excerpt":{"rendered":"<p>Mit unserer All-in-One-Commerce-Plattform helfen wir, G\u00e4ste gl\u00fccklich zu machen. Kunden zu Fanz machen Wir bauen erstaunliche, einfach zu bedienende Mehrwertdienste auf die bestehende digitale Zahlungsinfrastruktur auf, die sowohl Unternehmen als auch Kunden lieben. Sobald Du intelligente M\u00f6glichkeiten zur Annahme digitaler Zahlungen mit Treueregeln, Bewertungsautomatisierung, Direktnachrichten, intelligenten Empfehlungen, Loyalit\u00e4ts-Werbenetzwerken, intelligenten Trinkgeldern, maschinellem Lernen und mehr kombinierst, [&hellip;]<\/p>\n","protected":false},"author":2,"featured_media":0,"parent":0,"menu_order":0,"comment_status":"closed","ping_status":"closed","template":"","meta":{"content-type":"","footnotes":"","_links_to":"","_links_to_target":""},"class_list":["post-237","page","type-page","status-publish","hentry"],"translation":{"provider":"WPGlobus","version":"3.0.0","language":"de","enabled_languages":["en","de"],"languages":{"en":{"title":true,"content":true,"excerpt":false},"de":{"title":true,"content":true,"excerpt":false}}},"acf":[],"yoast_head":"<!-- This site is optimized with the Yoast SEO plugin v25.5 - https:\/\/yoast.com\/wordpress\/plugins\/seo\/ -->\n<title>\u00fcber uns - Fanz<\/title>\n<meta name=\"robots\" content=\"index, follow, max-snippet:-1, max-image-preview:large, max-video-preview:-1\" \/>\n<link rel=\"canonical\" href=\"https:\/\/www.fanz.io\/about-us\/\" \/>\n<meta property=\"og:locale\" content=\"de_DE\" \/>\n<meta property=\"og:type\" content=\"article\" \/>\n<meta property=\"og:title\" content=\"\u00fcber uns - Fanz\" \/>\n<meta property=\"og:url\" content=\"https:\/\/www.fanz.io\/about-us\/\" \/>\n<meta property=\"og:site_name\" content=\"Fanz\" \/>\n<meta property=\"article:modified_time\" content=\"2023-01-25T13:28:38+00:00\" \/>\n<meta name=\"twitter:card\" content=\"summary_large_image\" \/>\n<meta name=\"twitter:label1\" content=\"Est. reading time\" \/>\n\t<meta name=\"twitter:data1\" content=\"2 minutes\" \/>\n<script type=\"application\/ld+json\" class=\"yoast-schema-graph\">{\"@context\":\"https:\/\/schema.org\",\"@graph\":[{\"@type\":\"WebPage\",\"@id\":\"https:\/\/www.fanz.io\/about-us\/\",\"url\":\"https:\/\/www.fanz.io\/about-us\/\",\"name\":\"\u00fcber uns - Fanz\",\"isPartOf\":{\"@id\":\"https:\/\/www.fanz.io\/#website\"},\"datePublished\":\"2022-12-29T08:05:51+00:00\",\"dateModified\":\"2023-01-25T13:28:38+00:00\",\"inLanguage\":\"de-DE\",\"potentialAction\":[{\"@type\":\"ReadAction\",\"target\":[\"https:\/\/www.fanz.io\/about-us\/\"]}]},{\"@type\":\"WebSite\",\"@id\":\"https:\/\/www.fanz.io\/#website\",\"url\":\"https:\/\/www.fanz.io\/\",\"name\":\"Fanz\",\"description\":\"\",\"potentialAction\":[{\"@type\":\"SearchAction\",\"target\":{\"@type\":\"EntryPoint\",\"urlTemplate\":\"https:\/\/www.fanz.io\/?s={search_term_string}\"},\"query-input\":{\"@type\":\"PropertyValueSpecification\",\"valueRequired\":true,\"valueName\":\"search_term_string\"}}],\"inLanguage\":\"de-DE\"}]}<\/script>\n<!-- \/ Yoast SEO plugin. -->","yoast_head_json":{"title":"\u00fcber uns - Fanz","robots":{"index":"index","follow":"follow","max-snippet":"max-snippet:-1","max-image-preview":"max-image-preview:large","max-video-preview":"max-video-preview:-1"},"canonical":"https:\/\/www.fanz.io\/about-us\/","og_locale":"de_DE","og_type":"article","og_title":"\u00fcber uns - Fanz","og_url":"https:\/\/www.fanz.io\/about-us\/","og_site_name":"Fanz","article_modified_time":"2023-01-25T13:28:38+00:00","twitter_card":"summary_large_image","twitter_misc":{"Est. reading time":"2 minutes"},"schema":{"@context":"https:\/\/schema.org","@graph":[{"@type":"WebPage","@id":"https:\/\/www.fanz.io\/about-us\/","url":"https:\/\/www.fanz.io\/about-us\/","name":"\u00fcber uns - Fanz","isPartOf":{"@id":"https:\/\/www.fanz.io\/#website"},"datePublished":"2022-12-29T08:05:51+00:00","dateModified":"2023-01-25T13:28:38+00:00","inLanguage":"de-DE","potentialAction":[{"@type":"ReadAction","target":["https:\/\/www.fanz.io\/about-us\/"]}]},{"@type":"WebSite","@id":"https:\/\/www.fanz.io\/#website","url":"https:\/\/www.fanz.io\/","name":"Fanz","description":"","potentialAction":[{"@type":"SearchAction","target":{"@type":"EntryPoint","urlTemplate":"https:\/\/www.fanz.io\/?s={search_term_string}"},"query-input":{"@type":"PropertyValueSpecification","valueRequired":true,"valueName":"search_term_string"}}],"inLanguage":"de-DE"}]}},"_links":{"self":[{"href":"https:\/\/www.fanz.io\/de\/wp-json\/wp\/v2\/pages\/237","targetHints":{"allow":["GET"]}}],"collection":[{"href":"https:\/\/www.fanz.io\/de\/wp-json\/wp\/v2\/pages"}],"about":[{"href":"https:\/\/www.fanz.io\/de\/wp-json\/wp\/v2\/types\/page"}],"author":[{"embeddable":true,"href":"https:\/\/www.fanz.io\/de\/wp-json\/wp\/v2\/users\/2"}],"replies":[{"embeddable":true,"href":"https:\/\/www.fanz.io\/de\/wp-json\/wp\/v2\/comments?post=237"}],"version-history":[{"count":0,"href":"https:\/\/www.fanz.io\/de\/wp-json\/wp\/v2\/pages\/237\/revisions"}],"wp:attachment":[{"href":"https:\/\/www.fanz.io\/de\/wp-json\/wp\/v2\/media?parent=237"}],"curies":[{"name":"wp","href":"https:\/\/api.w.org\/{rel}","templated":true}]}}