{"id":335,"date":"2023-03-05T14:42:35","date_gmt":"2023-03-05T14:42:35","guid":{"rendered":"https:\/\/www.fanz.io\/?page_id=335"},"modified":"2023-06-13T08:35:35","modified_gmt":"2023-06-13T08:35:35","slug":"video","status":"publish","type":"page","link":"https:\/\/www.fanz.io\/de\/video\/","title":{"rendered":"Video"},"content":{"rendered":"<p><strong>G\u00e4ste bestellen, bezahlen, erhalten cashback, bewerten, kommen wieder<\/strong><\/p>\n<p><iframe loading=\"lazy\" title=\"fanz - order - pay - reward - review\" width=\"640\" height=\"360\" src=\"https:\/\/www.youtube.com\/embed\/aBNMH53NNsc?feature=oembed\" frameborder=\"0\" allow=\"accelerometer; autoplay; clipboard-write; encrypted-media; gyroscope; picture-in-picture; web-share\" referrerpolicy=\"strict-origin-when-cross-origin\" allowfullscreen><\/iframe><\/p>\n<p><strong>G\u00e4ste bezahlen zB am counter, erhalten cashback, bewerten, kommen wieder<\/strong><\/p>\n<p><iframe loading=\"lazy\" title=\"fanz - pay - reward - review\" width=\"640\" height=\"360\" src=\"https:\/\/www.youtube.com\/embed\/09N1Efi4Gj0?feature=oembed\" frameborder=\"0\" allow=\"accelerometer; autoplay; clipboard-write; encrypted-media; gyroscope; picture-in-picture; web-share\" referrerpolicy=\"strict-origin-when-cross-origin\" allowfullscreen><\/iframe><\/p>\n<p><strong>G\u00e4ste bestellen und buchen selbst digital auf ihr Zimmer<\/strong><\/p>\n<p><iframe loading=\"lazy\" title=\"fanz - charge to room\" width=\"640\" height=\"360\" src=\"https:\/\/www.youtube.com\/embed\/pUPEO38YRIU?feature=oembed\" frameborder=\"0\" allow=\"accelerometer; autoplay; clipboard-write; encrypted-media; gyroscope; picture-in-picture; web-share\" referrerpolicy=\"strict-origin-when-cross-origin\" allowfullscreen><\/iframe><\/p>\n","protected":false},"excerpt":{"rendered":"<p>G\u00e4ste bestellen, bezahlen, erhalten cashback, bewerten, kommen wieder G\u00e4ste bezahlen zB am counter, erhalten cashback, bewerten, kommen wieder G\u00e4ste bestellen und buchen selbst digital auf ihr Zimmer<\/p>\n","protected":false},"author":2,"featured_media":0,"parent":0,"menu_order":0,"comment_status":"closed","ping_status":"closed","template":"","meta":{"content-type":"","footnotes":"","_links_to":"","_links_to_target":""},"class_list":["post-335","page","type-page","status-publish","hentry"],"translation":{"provider":"WPGlobus","version":"3.0.0","language":"de","enabled_languages":["en","de"],"languages":{"en":{"title":true,"content":true,"excerpt":false},"de":{"title":true,"content":true,"excerpt":false}}},"acf":[],"yoast_head":"<!-- This site is optimized with the Yoast SEO plugin v25.5 - https:\/\/yoast.com\/wordpress\/plugins\/seo\/ -->\n<title>Video - Fanz<\/title>\n<meta name=\"robots\" content=\"index, follow, max-snippet:-1, max-image-preview:large, max-video-preview:-1\" \/>\n<link rel=\"canonical\" href=\"https:\/\/www.fanz.io\/video\/\" \/>\n<meta property=\"og:locale\" content=\"de_DE\" \/>\n<meta property=\"og:type\" content=\"article\" \/>\n<meta property=\"og:title\" content=\"Video - Fanz\" \/>\n<meta property=\"og:url\" content=\"https:\/\/www.fanz.io\/video\/\" \/>\n<meta property=\"og:site_name\" content=\"Fanz\" \/>\n<meta property=\"article:modified_time\" content=\"2023-06-13T08:35:35+00:00\" \/>\n<meta name=\"twitter:card\" content=\"summary_large_image\" \/>\n<meta name=\"twitter:label1\" content=\"Est. reading time\" \/>\n\t<meta name=\"twitter:data1\" content=\"1 minute\" \/>\n<script type=\"application\/ld+json\" class=\"yoast-schema-graph\">{\"@context\":\"https:\/\/schema.org\",\"@graph\":[{\"@type\":\"WebPage\",\"@id\":\"https:\/\/www.fanz.io\/video\/\",\"url\":\"https:\/\/www.fanz.io\/video\/\",\"name\":\"Video - Fanz\",\"isPartOf\":{\"@id\":\"https:\/\/www.fanz.io\/#website\"},\"datePublished\":\"2023-03-05T14:42:35+00:00\",\"dateModified\":\"2023-06-13T08:35:35+00:00\",\"inLanguage\":\"de-DE\",\"potentialAction\":[{\"@type\":\"ReadAction\",\"target\":[\"https:\/\/www.fanz.io\/video\/\"]}]},{\"@type\":\"WebSite\",\"@id\":\"https:\/\/www.fanz.io\/#website\",\"url\":\"https:\/\/www.fanz.io\/\",\"name\":\"Fanz\",\"description\":\"\",\"potentialAction\":[{\"@type\":\"SearchAction\",\"target\":{\"@type\":\"EntryPoint\",\"urlTemplate\":\"https:\/\/www.fanz.io\/?s={search_term_string}\"},\"query-input\":{\"@type\":\"PropertyValueSpecification\",\"valueRequired\":true,\"valueName\":\"search_term_string\"}}],\"inLanguage\":\"de-DE\"}]}<\/script>\n<!-- \/ Yoast SEO plugin. -->","yoast_head_json":{"title":"Video - Fanz","robots":{"index":"index","follow":"follow","max-snippet":"max-snippet:-1","max-image-preview":"max-image-preview:large","max-video-preview":"max-video-preview:-1"},"canonical":"https:\/\/www.fanz.io\/video\/","og_locale":"de_DE","og_type":"article","og_title":"Video - Fanz","og_url":"https:\/\/www.fanz.io\/video\/","og_site_name":"Fanz","article_modified_time":"2023-06-13T08:35:35+00:00","twitter_card":"summary_large_image","twitter_misc":{"Est. reading time":"1 minute"},"schema":{"@context":"https:\/\/schema.org","@graph":[{"@type":"WebPage","@id":"https:\/\/www.fanz.io\/video\/","url":"https:\/\/www.fanz.io\/video\/","name":"Video - Fanz","isPartOf":{"@id":"https:\/\/www.fanz.io\/#website"},"datePublished":"2023-03-05T14:42:35+00:00","dateModified":"2023-06-13T08:35:35+00:00","inLanguage":"de-DE","potentialAction":[{"@type":"ReadAction","target":["https:\/\/www.fanz.io\/video\/"]}]},{"@type":"WebSite","@id":"https:\/\/www.fanz.io\/#website","url":"https:\/\/www.fanz.io\/","name":"Fanz","description":"","potentialAction":[{"@type":"SearchAction","target":{"@type":"EntryPoint","urlTemplate":"https:\/\/www.fanz.io\/?s={search_term_string}"},"query-input":{"@type":"PropertyValueSpecification","valueRequired":true,"valueName":"search_term_string"}}],"inLanguage":"de-DE"}]}},"_links":{"self":[{"href":"https:\/\/www.fanz.io\/de\/wp-json\/wp\/v2\/pages\/335","targetHints":{"allow":["GET"]}}],"collection":[{"href":"https:\/\/www.fanz.io\/de\/wp-json\/wp\/v2\/pages"}],"about":[{"href":"https:\/\/www.fanz.io\/de\/wp-json\/wp\/v2\/types\/page"}],"author":[{"embeddable":true,"href":"https:\/\/www.fanz.io\/de\/wp-json\/wp\/v2\/users\/2"}],"replies":[{"embeddable":true,"href":"https:\/\/www.fanz.io\/de\/wp-json\/wp\/v2\/comments?post=335"}],"version-history":[{"count":0,"href":"https:\/\/www.fanz.io\/de\/wp-json\/wp\/v2\/pages\/335\/revisions"}],"wp:attachment":[{"href":"https:\/\/www.fanz.io\/de\/wp-json\/wp\/v2\/media?parent=335"}],"curies":[{"name":"wp","href":"https:\/\/api.w.org\/{rel}","templated":true}]}}